{"id":39617,"date":"2025-11-17T14:07:10","date_gmt":"2025-11-17T14:07:10","guid":{"rendered":"https:\/\/pokehollin.is\/?post_type=product&#038;p=39617"},"modified":"2025-12-30T10:16:34","modified_gmt":"2025-12-30T10:16:34","slug":"jola-mystery-box-2025","status":"publish","type":"product","link":"https:\/\/pokehollin.is\/en\/product\/jola-mystery-box-2025\/","title":{"rendered":"J\u00f3la Mystery Box 2025"},"content":{"rendered":"<h4>J\u00f3la Mystery Boxi\u00f0 2025!<\/h4>\n<p>&nbsp;<\/p>\n<p>J\u00f3la Mystery Boxi\u00f0 okkar \u00ed \u00e1r ver\u00f0ur \u00fea\u00f0 besta hinga\u00f0 til og er j\u00f3lagj\u00f6fin fyrir Pok\u00e9mon a\u00f0d\u00e1endur!<br \/>\nSt\u00fatfullt af Pok\u00e9mon p\u00f6kkum, k\u00f6ssum og\/e\u00f0a spilum!<\/p>\n<p>Team Rocket pakkar fr\u00e1 2000, Aquapolish pakki fr\u00e1 2003, fullt af Graded spilum og skemmtilegum ETB&#8217;s er me\u00f0al \u00feessa sem fer \u00ed boxin og fullt fullt meira!<br \/>\nHver og eitt box er handvali\u00f0 \u00ed af okkur \u00ed PokeH\u00f6llinn<\/p>\n<p>Afhending \u00e1 fyrstu eint\u00f6kunum byrjar \u00ed kringum 10. des<\/p>","protected":false},"excerpt":{"rendered":"<p>J\u00f3la Mystery Boxi\u00f0 2025! &nbsp; J\u00f3la Mystery Boxi\u00f0 okkar \u00ed \u00e1r ver\u00f0ur \u00fea\u00f0 besta hinga\u00f0 til og er j\u00f3lagj\u00f6fin fyrir Pok\u00e9mon a\u00f0d\u00e1endur! St\u00fatfullt af Pok\u00e9mon p\u00f6kkum, k\u00f6ssum og\/e\u00f0a spilum! Team Rocket pakkar fr\u00e1 2000, Aquapolish pakki fr\u00e1 2003, fullt af Graded spilum og skemmtilegum ETB&#8217;s er me\u00f0al \u00feessa sem fer \u00ed boxin og fullt fullt [&hellip;]<\/p>","protected":false},"featured_media":39618,"template":"","meta":{"site-sidebar-layout":"default","site-content-layout":"","ast-site-content-layout":"default","site-content-style":"default","site-sidebar-style":"default","ast-global-header-display":"","ast-banner-title-visibility":"","ast-main-header-display":"","ast-hfb-above-header-display":"","ast-hfb-below-header-display":"","ast-hfb-mobile-header-display":"","site-post-title":"","ast-breadcrumbs-content":"","ast-featured-img":"","footer-sml-layout":"","theme-transparent-header-meta":"default","adv-header-id-meta":"","stick-header-meta":"","header-above-stick-meta":"","header-main-stick-meta":"","header-below-stick-meta":"","astra-migrate-meta-layouts":"set","ast-page-background-enabled":"default","ast-page-background-meta":{"desktop":{"background-color":"var(--ast-global-color-4)","background-image":"","background-repeat":"repeat","background-position":"center center","background-size":"auto","background-attachment":"scroll","background-type":"","background-media":"","overlay-type":"","overlay-color":"","overlay-opacity":"","overlay-gradient":""},"tablet":{"background-color":"","background-image":"","background-repeat":"repeat","background-position":"center center","background-size":"auto","background-attachment":"scroll","background-type":"","background-media":"","overlay-type":"","overlay-color":"","overlay-opacity":"","overlay-gradient":""},"mobile":{"background-color":"","background-image":"","background-repeat":"repeat","background-position":"center center","background-size":"auto","background-attachment":"scroll","background-type":"","background-media":"","overlay-type":"","overlay-color":"","overlay-opacity":"","overlay-gradient":""}},"ast-content-background-meta":{"desktop":{"background-color":"var(--ast-global-color-5)","background-image":"","background-repeat":"repeat","background-position":"center center","background-size":"auto","background-attachment":"scroll","background-type":"","background-media":"","overlay-type":"","overlay-color":"","overlay-opacity":"","overlay-gradient":""},"tablet":{"background-color":"var(--ast-global-color-5)","background-image":"","background-repeat":"repeat","background-position":"center center","background-size":"auto","background-attachment":"scroll","background-type":"","background-media":"","overlay-type":"","overlay-color":"","overlay-opacity":"","overlay-gradient":""},"mobile":{"background-color":"var(--ast-global-color-5)","background-image":"","background-repeat":"repeat","background-position":"center center","background-size":"auto","background-attachment":"scroll","background-type":"","background-media":"","overlay-type":"","overlay-color":"","overlay-opacity":"","overlay-gradient":""}}},"product_brand":[],"product_cat":[75],"product_tag":[],"class_list":{"0":"post-39617","1":"product","2":"type-product","3":"status-publish","4":"has-post-thumbnail","6":"product_cat-wps_wgm_giftcard-2","7":"desktop-align-left","8":"tablet-align-left","9":"mobile-align-left","10":"ast-product-gallery-layout-horizontal","11":"ast-product-gallery-with-no-image","12":"ast-product-tabs-layout-horizontal","14":"first","15":"outofstock","16":"purchasable","17":"product-type-simple"},"_links":{"self":[{"href":"https:\/\/pokehollin.is\/en\/wp-json\/wp\/v2\/product\/39617","targetHints":{"allow":["GET"]}}],"collection":[{"href":"https:\/\/pokehollin.is\/en\/wp-json\/wp\/v2\/product"}],"about":[{"href":"https:\/\/pokehollin.is\/en\/wp-json\/wp\/v2\/types\/product"}],"version-history":[{"count":2,"href":"https:\/\/pokehollin.is\/en\/wp-json\/wp\/v2\/product\/39617\/revisions"}],"predecessor-version":[{"id":39621,"href":"https:\/\/pokehollin.is\/en\/wp-json\/wp\/v2\/product\/39617\/revisions\/39621"}],"wp:featuredmedia":[{"embeddable":true,"href":"https:\/\/pokehollin.is\/en\/wp-json\/wp\/v2\/media\/39618"}],"wp:attachment":[{"href":"https:\/\/pokehollin.is\/en\/wp-json\/wp\/v2\/media?parent=39617"}],"wp:term":[{"taxonomy":"product_brand","embeddable":true,"href":"https:\/\/pokehollin.is\/en\/wp-json\/wp\/v2\/product_brand?post=39617"},{"taxonomy":"product_cat","embeddable":true,"href":"https:\/\/pokehollin.is\/en\/wp-json\/wp\/v2\/product_cat?post=39617"},{"taxonomy":"product_tag","embeddable":true,"href":"https:\/\/pokehollin.is\/en\/wp-json\/wp\/v2\/product_tag?post=39617"}],"curies":[{"name":"wp","href":"https:\/\/api.w.org\/{rel}","templated":true}]}}