{"id":37349,"date":"2025-09-05T12:29:28","date_gmt":"2025-09-05T12:29:28","guid":{"rendered":"https:\/\/pokehollin.is\/?post_type=product&#038;p=37349"},"modified":"2026-04-09T13:46:38","modified_gmt":"2026-04-09T13:46:38","slug":"hollin-24-pocket-retro-ledur-album","status":"publish","type":"product","link":"https:\/\/pokehollin.is\/en\/product\/hollin-24-pocket-retro-ledur-album\/","title":{"rendered":"H\u00f6llin 24 Pocket Retro Le\u00f0ur Album"},"content":{"rendered":"<h3>H\u00f6llin Le\u00f0ur Mappa<br \/>\nTekur 480 spil \u00e1 20 s\u00ed\u00f0um<br \/>\nMe\u00f0 rennil\u00e1s<\/h3>","protected":false},"excerpt":{"rendered":"<p>H\u00f6llin Le\u00f0ur Mappa Tekur 480 spil \u00e1 20 s\u00ed\u00f0um Me\u00f0 rennil\u00e1s<\/p>","protected":false},"featured_media":37431,"template":"","meta":{"site-sidebar-layout":"default","site-content-layout":"","ast-site-content-layout":"default","site-content-style":"default","site-sidebar-style":"default","ast-global-header-display":"","ast-banner-title-visibility":"","ast-main-header-display":"","ast-hfb-above-header-display":"","ast-hfb-below-header-display":"","ast-hfb-mobile-header-display":"","site-post-title":"","ast-breadcrumbs-content":"","ast-featured-img":"","footer-sml-layout":"","theme-transparent-header-meta":"default","adv-header-id-meta":"","stick-header-meta":"","header-above-stick-meta":"","header-main-stick-meta":"","header-below-stick-meta":"","astra-migrate-meta-layouts":"set","ast-page-background-enabled":"default","ast-page-background-meta":{"desktop":{"background-color":"var(--ast-global-color-4)","background-image":"","background-repeat":"repeat","background-position":"center center","background-size":"auto","background-attachment":"scroll","background-type":"","background-media":"","overlay-type":"","overlay-color":"","overlay-opacity":"","overlay-gradient":""},"tablet":{"background-color":"","background-image":"","background-repeat":"repeat","background-position":"center center","background-size":"auto","background-attachment":"scroll","background-type":"","background-media":"","overlay-type":"","overlay-color":"","overlay-opacity":"","overlay-gradient":""},"mobile":{"background-color":"","background-image":"","background-repeat":"repeat","background-position":"center center","background-size":"auto","background-attachment":"scroll","background-type":"","background-media":"","overlay-type":"","overlay-color":"","overlay-opacity":"","overlay-gradient":""}},"ast-content-background-meta":{"desktop":{"background-color":"var(--ast-global-color-5)","background-image":"","background-repeat":"repeat","background-position":"center center","background-size":"auto","background-attachment":"scroll","background-type":"","background-media":"","overlay-type":"","overlay-color":"","overlay-opacity":"","overlay-gradient":""},"tablet":{"background-color":"var(--ast-global-color-5)","background-image":"","background-repeat":"repeat","background-position":"center center","background-size":"auto","background-attachment":"scroll","background-type":"","background-media":"","overlay-type":"","overlay-color":"","overlay-opacity":"","overlay-gradient":""},"mobile":{"background-color":"var(--ast-global-color-5)","background-image":"","background-repeat":"repeat","background-position":"center center","background-size":"auto","background-attachment":"scroll","background-type":"","background-media":"","overlay-type":"","overlay-color":"","overlay-opacity":"","overlay-gradient":""}}},"product_brand":[],"product_cat":[55],"product_tag":[],"class_list":{"0":"post-37349","1":"product","2":"type-product","3":"status-publish","4":"has-post-thumbnail","6":"product_cat-moppur","7":"desktop-align-left","8":"tablet-align-left","9":"mobile-align-left","10":"ast-product-gallery-layout-horizontal","11":"ast-product-single-variable","12":"ast-product-tabs-layout-horizontal","14":"first","15":"instock","16":"purchasable","17":"product-type-variable"},"_links":{"self":[{"href":"https:\/\/pokehollin.is\/en\/wp-json\/wp\/v2\/product\/37349","targetHints":{"allow":["GET"]}}],"collection":[{"href":"https:\/\/pokehollin.is\/en\/wp-json\/wp\/v2\/product"}],"about":[{"href":"https:\/\/pokehollin.is\/en\/wp-json\/wp\/v2\/types\/product"}],"version-history":[{"count":2,"href":"https:\/\/pokehollin.is\/en\/wp-json\/wp\/v2\/product\/37349\/revisions"}],"predecessor-version":[{"id":37439,"href":"https:\/\/pokehollin.is\/en\/wp-json\/wp\/v2\/product\/37349\/revisions\/37439"}],"wp:featuredmedia":[{"embeddable":true,"href":"https:\/\/pokehollin.is\/en\/wp-json\/wp\/v2\/media\/37431"}],"wp:attachment":[{"href":"https:\/\/pokehollin.is\/en\/wp-json\/wp\/v2\/media?parent=37349"}],"wp:term":[{"taxonomy":"product_brand","embeddable":true,"href":"https:\/\/pokehollin.is\/en\/wp-json\/wp\/v2\/product_brand?post=37349"},{"taxonomy":"product_cat","embeddable":true,"href":"https:\/\/pokehollin.is\/en\/wp-json\/wp\/v2\/product_cat?post=37349"},{"taxonomy":"product_tag","embeddable":true,"href":"https:\/\/pokehollin.is\/en\/wp-json\/wp\/v2\/product_tag?post=37349"}],"curies":[{"name":"wp","href":"https:\/\/api.w.org\/{rel}","templated":true}]}}