{"id":25601,"date":"2025-07-10T15:47:56","date_gmt":"2025-07-10T15:47:56","guid":{"rendered":"https:\/\/pokehollin.is\/?post_type=product&#038;p=25601"},"modified":"2026-04-02T13:41:57","modified_gmt":"2026-04-02T13:41:57","slug":"pokemon-white-flare-elite-trainer","status":"publish","type":"product","link":"https:\/\/pokehollin.is\/en\/product\/pokemon-white-flare-elite-trainer\/","title":{"rendered":"Pokemon White Flare Elite Trainer"},"content":{"rendered":"<p>FORSALA \u2013 \u00c1\u00c6TLU\u00d0 AFHENDING 1. til 10. \u00e1g\u00fast.<\/p>\n<p>Samkv\u00e6mt birgja fer \u00feetta fr\u00e1 \u00feeim 24-25. j\u00fal\u00ed!<\/p>\n<p>Inniheldur:<br \/>\n9x White Flare Booster pakka<br \/>\n1x Glansspil (Tornadus)<br \/>\n65x spilapl\u00f6st<br \/>\nB\u00e6kling, teninga og sm\u00e1hluti.<\/p>","protected":false},"excerpt":{"rendered":"<p>FORSALA \u2013 \u00c1\u00c6TLU\u00d0 AFHENDING 1. til 10. \u00e1g\u00fast. Samkv\u00e6mt birgja fer \u00feetta fr\u00e1 \u00feeim 24-25. j\u00fal\u00ed! Inniheldur: 9x White Flare Booster pakka 1x Glansspil (Tornadus) 65x spilapl\u00f6st B\u00e6kling, teninga og sm\u00e1hluti.<\/p>","protected":false},"featured_media":25608,"template":"","meta":{"site-sidebar-layout":"default","site-content-layout":"","ast-site-content-layout":"default","site-content-style":"default","site-sidebar-style":"default","ast-global-header-display":"","ast-banner-title-visibility":"","ast-main-header-display":"","ast-hfb-above-header-display":"","ast-hfb-below-header-display":"","ast-hfb-mobile-header-display":"","site-post-title":"","ast-breadcrumbs-content":"","ast-featured-img":"","footer-sml-layout":"","theme-transparent-header-meta":"default","adv-header-id-meta":"","stick-header-meta":"","header-above-stick-meta":"","header-main-stick-meta":"","header-below-stick-meta":"","astra-migrate-meta-layouts":"set","ast-page-background-enabled":"default","ast-page-background-meta":{"desktop":{"background-color":"var(--ast-global-color-4)","background-image":"","background-repeat":"repeat","background-position":"center center","background-size":"auto","background-attachment":"scroll","background-type":"","background-media":"","overlay-type":"","overlay-color":"","overlay-opacity":"","overlay-gradient":""},"tablet":{"background-color":"","background-image":"","background-repeat":"repeat","background-position":"center center","background-size":"auto","background-attachment":"scroll","background-type":"","background-media":"","overlay-type":"","overlay-color":"","overlay-opacity":"","overlay-gradient":""},"mobile":{"background-color":"","background-image":"","background-repeat":"repeat","background-position":"center center","background-size":"auto","background-attachment":"scroll","background-type":"","background-media":"","overlay-type":"","overlay-color":"","overlay-opacity":"","overlay-gradient":""}},"ast-content-background-meta":{"desktop":{"background-color":"var(--ast-global-color-5)","background-image":"","background-repeat":"repeat","background-position":"center center","background-size":"auto","background-attachment":"scroll","background-type":"","background-media":"","overlay-type":"","overlay-color":"","overlay-opacity":"","overlay-gradient":""},"tablet":{"background-color":"var(--ast-global-color-5)","background-image":"","background-repeat":"repeat","background-position":"center center","background-size":"auto","background-attachment":"scroll","background-type":"","background-media":"","overlay-type":"","overlay-color":"","overlay-opacity":"","overlay-gradient":""},"mobile":{"background-color":"var(--ast-global-color-5)","background-image":"","background-repeat":"repeat","background-position":"center center","background-size":"auto","background-attachment":"scroll","background-type":"","background-media":"","overlay-type":"","overlay-color":"","overlay-opacity":"","overlay-gradient":""}}},"product_brand":[],"product_cat":[42,64],"product_tag":[],"class_list":{"0":"post-25601","1":"product","2":"type-product","3":"status-publish","4":"has-post-thumbnail","6":"product_cat-etb","7":"product_cat-nytt-og-forsala","8":"desktop-align-left","9":"tablet-align-left","10":"mobile-align-left","11":"ast-product-gallery-layout-horizontal","12":"ast-product-gallery-with-no-image","13":"ast-product-tabs-layout-horizontal","15":"first","16":"instock","17":"purchasable","18":"product-type-simple"},"_links":{"self":[{"href":"https:\/\/pokehollin.is\/en\/wp-json\/wp\/v2\/product\/25601","targetHints":{"allow":["GET"]}}],"collection":[{"href":"https:\/\/pokehollin.is\/en\/wp-json\/wp\/v2\/product"}],"about":[{"href":"https:\/\/pokehollin.is\/en\/wp-json\/wp\/v2\/types\/product"}],"version-history":[{"count":1,"href":"https:\/\/pokehollin.is\/en\/wp-json\/wp\/v2\/product\/25601\/revisions"}],"predecessor-version":[{"id":25610,"href":"https:\/\/pokehollin.is\/en\/wp-json\/wp\/v2\/product\/25601\/revisions\/25610"}],"wp:featuredmedia":[{"embeddable":true,"href":"https:\/\/pokehollin.is\/en\/wp-json\/wp\/v2\/media\/25608"}],"wp:attachment":[{"href":"https:\/\/pokehollin.is\/en\/wp-json\/wp\/v2\/media?parent=25601"}],"wp:term":[{"taxonomy":"product_brand","embeddable":true,"href":"https:\/\/pokehollin.is\/en\/wp-json\/wp\/v2\/product_brand?post=25601"},{"taxonomy":"product_cat","embeddable":true,"href":"https:\/\/pokehollin.is\/en\/wp-json\/wp\/v2\/product_cat?post=25601"},{"taxonomy":"product_tag","embeddable":true,"href":"https:\/\/pokehollin.is\/en\/wp-json\/wp\/v2\/product_tag?post=25601"}],"curies":[{"name":"wp","href":"https:\/\/api.w.org\/{rel}","templated":true}]}}