{"id":3265,"date":"2025-04-09T12:56:06","date_gmt":"2025-04-09T12:56:06","guid":{"rendered":"https:\/\/pokehollin.is\/?page_id=3265"},"modified":"2025-05-06T10:33:31","modified_gmt":"2025-05-06T10:33:31","slug":"policies","status":"publish","type":"page","link":"https:\/\/pokehollin.is\/en\/policies\/","title":{"rendered":"Terms"},"content":{"rendered":"<div data-elementor-type=\"wp-page\" data-elementor-id=\"3265\" class=\"elementor elementor-3265\">\n\t\t\t\t\t\t<section class=\"elementor-section elementor-top-section elementor-element elementor-element-6ffa1a6 elementor-section-full_width elementor-section-stretched elementor-section-height-default elementor-section-height-default\" data-id=\"6ffa1a6\" data-element_type=\"section\" data-settings=\"{&quot;stretch_section&quot;:&quot;section-stretched&quot;}\">\n\t\t\t\t\t\t<div class=\"elementor-container elementor-column-gap-default\">\n\t\t\t\t\t<div class=\"elementor-column elementor-col-100 elementor-top-column elementor-element elementor-element-3ec4e1e1\" data-id=\"3ec4e1e1\" data-element_type=\"column\" data-settings=\"{&quot;background_background&quot;:&quot;classic&quot;}\">\n\t\t\t<div class=\"elementor-widget-wrap elementor-element-populated\">\n\t\t\t\t\t\t<div class=\"elementor-element elementor-element-3d7edbd elementor-widget elementor-widget-heading\" data-id=\"3d7edbd\" data-element_type=\"widget\" data-widget_type=\"heading.default\">\n\t\t\t\t<div class=\"elementor-widget-container\">\n\t\t\t\t\t<h1 class=\"elementor-heading-title elementor-size-default\"><h1 class=\"entry-title\">Terms<\/h1><\/h1>\t\t\t\t<\/div>\n\t\t\t\t<\/div>\n\t\t\t\t<div class=\"elementor-element elementor-element-ee09cbc elementor-widget elementor-widget-text-editor\" data-id=\"ee09cbc\" data-element_type=\"widget\" data-widget_type=\"text-editor.default\">\n\t\t\t\t<div class=\"elementor-widget-container\">\n\t\t\t\t\t\t\t\t\t\n<p><strong>PokeH\u00f6llin ehf.<\/strong><br \/><strong>\u00c1lfheimum 74, 104 Reykjav\u00edk, \u00cdsland<\/strong><br \/><strong>S\u00edmi: 792-9992<\/strong><\/p>\n\n<p>PokeH\u00f6llin ehf. reserves the right to cancel orders, e.g. due to incorrect price information or to stop offering product types without notice. The right to confirm orders by phone is reserved. All prices in the online store include VAT.<\/p>\n\n<h3 class=\"wp-block-heading\"><strong>Product delivery<\/strong><\/h3>\n\n<p>All orders are processed the next business day after order. If the product is not in stock, an employee will contact you and provide an estimated delivery time for the product. For all orders distributed by Iceland Post, Iceland Post's delivery, warranty and transport terms apply to the delivery of the product. Accordingly, PokeH\u00f6llin ehf. bears no responsibility for lost shipments or damage that may occur to the product in transit. If a product is lost in the mail or damaged after it has been sent from PokeH\u00f6llin ehf. to the person concerned, the damage is the buyer's responsibility.<\/p>\n\n<h3 class=\"wp-block-heading\"><strong>Shipping costs<\/strong><\/h3>\n\n<p>All product purchases are sent by Iceland Post and there are three options for customers: Home delivery, to a P\u00f3stbox or sent to the Post office. Shipping costs are charged in accordance with what was selected when confirming the purchase of the product. If you shop in the online store for 20,000.- kr. or more, shipping costs are waived and this also applies throughout the country.<\/p>\n\n<h3 class=\"wp-block-heading\"><strong>Payment methods<\/strong><\/h3>\n\n<p>In the PokeH\u00f6llin online store, you can pay with credit cards from VISA and MasterCard and debit cards VISA Electron and Maestro with a payment gateway at Verifone.<\/p>\n\n<h3 class=\"wp-block-heading\"><strong>Exchanging and returning products<\/strong><\/h3>\n\n<p>The right to exchange is valid for products purchased in the Poke.is store, as long as the product and \/ or its packaging are in their original condition and the product is returned within 14 days. When returning products, you can receive a credit note, but only if the product is in its original packaging, unused and undamaged. The products can be returned to PokeH\u00f6llina in Gl\u00e6sib\u00e6r, but if the product is sent by mail, the customer pays the shipping costs of the return. When returning a product, its original price is taken into account, unless the product in question is on sale or on offer when returning products. In that case, the price of the product on the day it is returned is taken into account unless the customer can show a receipt for the product purchase.<\/p>\n\n<h3 class=\"wp-block-heading\"><strong>Defective product<\/strong><\/h3>\n\n<p>If a product is defective, we reserve the right to check whether the product can be repaired or repaired. If the product in question cannot be repaired or repaired, the customer can request a credit or refund. Otherwise, reference is made to the Act on House-to-House and Distance Selling Contracts No. 46\/2000 and the Act on Consumer Purchases.<\/p>\n\n<h3 class=\"wp-block-heading\"><strong>Security Terms<\/strong><\/h3>\n\n<p>The seller promises the buyer full confidentiality regarding all information he provides in connection with the transaction. Information will not be provided to third parties under any circumstances. The provisions of the Act on House-to-House and Distance Selling No. 96\/1992, the provisions of the Act on the Purchase of Movable Goods No. 46\/2000, as applicable, and the provisions of the Act on Consumer Purchases No. 48\/2003 apply to these terms. All deadlines mentioned in Act No. 96\/1992 begin when the goods are received.\n\nThe customer's IP address is registered when paying for a product order. This information, together with personal information and information about the product purchase, could be used in connection with a police investigation if there is suspicion of fraud or misuse of payment cards.<\/p>\n\n<p>IP tala vi\u00f0skiptavina er skr\u00e1\u00f0 vi\u00f0 grei\u00f0slu v\u00f6rup\u00f6ntunar. \u00de\u00e6r uppl\u00fdsingar \u00e1samt pers\u00f3nuuppl\u00fdsingum og uppl\u00fdsingum um v\u00f6rukaup g\u00e6tu veri\u00f0 nota\u00f0ar \u00ed tengslum vi\u00f0 l\u00f6gregluranns\u00f3kn vakni grunur um sviksemi e\u00f0a misnotkun grei\u00f0slukorta.<\/p>\n\n<h3 class=\"wp-block-heading\"><strong>Disclaimer.<\/strong><\/h3>\n\n<p>All information on the PokeH\u00f6llin ehf. auction website. are subject to change and no liability is accepted for errors that may occur because they are not correct or if errors occur in the computer system. PokeH\u00f6llin ehf. reserves the right to change these terms.<\/p>\n\n<h3 class=\"wp-block-heading\"><strong>Law and venue<\/strong><\/h3>\n\n<p>Samningur \u00feessi er \u00ed samr\u00e6mi vi\u00f0 \u00edslensk l\u00f6g. R\u00edsi m\u00e1l vegna hans skal \u00fea\u00f0 reki\u00f0 fyrir H\u00e9ra\u00f0sd\u00f3mi Reykjavikur.<\/p>\n\n<ul class=\"wp-block-list\">\n<li><a href=\"http:\/\/www.althingi.is\/lagas\/131b\/2003048.html#word1\"><em>Consumer Purchase Act<\/em><\/a><\/li>\n\n<li><a href=\"http:\/\/www.althingi.is\/lagas\/136b\/1936007.html#word1\"><em>Contract Formation Act<\/em><\/a><\/li>\n\n<li><a href=\"http:\/\/www.althingi.is\/lagas\/131b\/2002030.html#word1\"><em>Electronic Commerce and Other Electronic Services Act<\/em><\/a><\/li>\n\n<li><a href=\"http:\/\/www.althingi.is\/lagas\/132a\/1997071.html\"><em>Privacy Act<\/em><\/a><\/li>\n\n<li><a href=\"http:\/\/www.althingi.is\/lagas\/131b\/2000077.html#word1\"><em>Act on Privacy and Processing of Personal Data<\/em><\/a><\/li>\n<\/ul>\n\n<p>\u00a0<\/p>\n\t\t\t\t\t\t\t\t<\/div>\n\t\t\t\t<\/div>\n\t\t\t\t\t<\/div>\n\t\t<\/div>\n\t\t\t\t\t<\/div>\n\t\t<\/section>\n\t\t\t\t<\/div>","protected":false},"excerpt":{"rendered":"<p>Skilm\u00e1lar PokeH\u00f6llin ehf.\u00c1lfheimum 74, 104 Reykjav\u00edk, \u00cdslandS\u00edmi: 792-9992 PokeH\u00f6llin ehf. \u00e1skilur s\u00e9r r\u00e9tt til a\u00f0 h\u00e6tta vi\u00f0 pantanir, t.d. vegna rangra ver\u00f0uppl\u00fdsinga e\u00f0a h\u00e6tta a\u00f0 bj\u00f3\u00f0a upp \u00e1 v\u00f6rutegundir fyrirvaralaust. \u00c1skilinn er r\u00e9ttur til a\u00f0 sta\u00f0festa pantanir s\u00edmlei\u00f0is. \u00d6ll ver\u00f0 \u00ed vefverslun eru me\u00f0 innif\u00f6ldum vir\u00f0isaukaskatti. Afhending v\u00f6ru Allar pantanir eru afgreiddar n\u00e6sta virka dag [&hellip;]<\/p>","protected":false},"author":4,"featured_media":0,"parent":0,"menu_order":0,"comment_status":"closed","ping_status":"closed","template":"elementor_header_footer","meta":{"site-sidebar-layout":"default","site-content-layout":"","ast-site-content-layout":"default","site-content-style":"default","site-sidebar-style":"default","ast-global-header-display":"","ast-banner-title-visibility":"","ast-main-header-display":"","ast-hfb-above-header-display":"","ast-hfb-below-header-display":"","ast-hfb-mobile-header-display":"","site-post-title":"","ast-breadcrumbs-content":"","ast-featured-img":"","footer-sml-layout":"","theme-transparent-header-meta":"","adv-header-id-meta":"","stick-header-meta":"","header-above-stick-meta":"","header-main-stick-meta":"","header-below-stick-meta":"","astra-migrate-meta-layouts":"set","ast-page-background-enabled":"default","ast-page-background-meta":{"desktop":{"background-color":"var(--ast-global-color-4)","background-image":"","background-repeat":"repeat","background-position":"center center","background-size":"auto","background-attachment":"scroll","background-type":"","background-media":"","overlay-type":"","overlay-color":"","overlay-opacity":"","overlay-gradient":""},"tablet":{"background-color":"","background-image":"","background-repeat":"repeat","background-position":"center center","background-size":"auto","background-attachment":"scroll","background-type":"","background-media":"","overlay-type":"","overlay-color":"","overlay-opacity":"","overlay-gradient":""},"mobile":{"background-color":"","background-image":"","background-repeat":"repeat","background-position":"center center","background-size":"auto","background-attachment":"scroll","background-type":"","background-media":"","overlay-type":"","overlay-color":"","overlay-opacity":"","overlay-gradient":""}},"ast-content-background-meta":{"desktop":{"background-color":"var(--ast-global-color-5)","background-image":"","background-repeat":"repeat","background-position":"center center","background-size":"auto","background-attachment":"scroll","background-type":"","background-media":"","overlay-type":"","overlay-color":"","overlay-opacity":"","overlay-gradient":""},"tablet":{"background-color":"var(--ast-global-color-5)","background-image":"","background-repeat":"repeat","background-position":"center center","background-size":"auto","background-attachment":"scroll","background-type":"","background-media":"","overlay-type":"","overlay-color":"","overlay-opacity":"","overlay-gradient":""},"mobile":{"background-color":"var(--ast-global-color-5)","background-image":"","background-repeat":"repeat","background-position":"center center","background-size":"auto","background-attachment":"scroll","background-type":"","background-media":"","overlay-type":"","overlay-color":"","overlay-opacity":"","overlay-gradient":""}},"footnotes":""},"class_list":["post-3265","page","type-page","status-publish","hentry"],"_links":{"self":[{"href":"https:\/\/pokehollin.is\/en\/wp-json\/wp\/v2\/pages\/3265","targetHints":{"allow":["GET"]}}],"collection":[{"href":"https:\/\/pokehollin.is\/en\/wp-json\/wp\/v2\/pages"}],"about":[{"href":"https:\/\/pokehollin.is\/en\/wp-json\/wp\/v2\/types\/page"}],"author":[{"embeddable":true,"href":"https:\/\/pokehollin.is\/en\/wp-json\/wp\/v2\/users\/4"}],"replies":[{"embeddable":true,"href":"https:\/\/pokehollin.is\/en\/wp-json\/wp\/v2\/comments?post=3265"}],"version-history":[{"count":55,"href":"https:\/\/pokehollin.is\/en\/wp-json\/wp\/v2\/pages\/3265\/revisions"}],"predecessor-version":[{"id":18241,"href":"https:\/\/pokehollin.is\/en\/wp-json\/wp\/v2\/pages\/3265\/revisions\/18241"}],"wp:attachment":[{"href":"https:\/\/pokehollin.is\/en\/wp-json\/wp\/v2\/media?parent=3265"}],"curies":[{"name":"wp","href":"https:\/\/api.w.org\/{rel}","templated":true}]}}